{"id":1652,"date":"2024-04-12T17:57:14","date_gmt":"2024-04-12T15:57:14","guid":{"rendered":"https:\/\/dynidea.com\/?page_id=1652"},"modified":"2024-05-31T18:06:40","modified_gmt":"2024-05-31T16:06:40","slug":"management-2","status":"publish","type":"page","link":"https:\/\/dynidea.com\/index.php\/management-2\/","title":{"rendered":"Management"},"content":{"rendered":"\n<h3 class=\"wp-block-heading has-text-align-center\">Aidez vos \u00e9quipes \u00e0 devenir de vrais managers <\/h3>\n\n\n\n<p style=\"font-size:16px\">Destin\u00e9 \u00e0 un <strong>cadre chevronn\u00e9<\/strong> cherchant \u00e0 affiner ses comp\u00e9tences, un <strong>jeune professionnel <\/strong>aspirant \u00e0 grandir dans l&rsquo;entreprise, ou un <strong>collaborateur acc\u00e9dant \u00e0 une promotion<\/strong>, notre parcours Manager fournit aux joueurs les connaissances, les comp\u00e9tences et les outils n\u00e9cessaires pour r\u00e9ussir dans un environnement professionnel comp\u00e9titif.<\/p>\n\n\n\n<blockquote class=\"wp-block-quote has-text-align-left is-layout-flow wp-block-quote-is-layout-flow\">\n<p class=\"has-medium-font-size\">&nbsp;\u00ab&nbsp;<strong>On ne nait pas manager, on le devient. \u00bb <\/strong><\/p>\n<cite><strong>(Julie Zhuo &#8211; Best-seller du Wall Street Journal)<\/strong><\/cite><\/blockquote>\n\n\n\n<div class=\"wp-block-media-text has-media-on-the-right is-stacked-on-mobile\" style=\"grid-template-columns:auto 27%\"><div class=\"wp-block-media-text__content\">\n<p>Gr\u00e2ce \u00e0 notre approche <strong>centr\u00e9e sur l&rsquo;individu,<\/strong> son \u00e9panouissement humain et l\u2019am\u00e9lioration de ses capacit\u00e9s d\u2019\u00e9change, <strong>nous acc\u00e9l\u00e9rons l&rsquo;acquisition des comp\u00e9tences cl\u00e9s par des solutions d&rsquo;ancrage quotidiennes<\/strong>.<\/p>\n<\/div><figure class=\"wp-block-media-text__media\"><img loading=\"lazy\" decoding=\"async\" width=\"1024\" height=\"1024\" src=\"https:\/\/dynidea.com\/wp-content\/uploads\/2024\/04\/manager.jpeg\" alt=\"\" class=\"wp-image-1654 size-full\" srcset=\"https:\/\/dynidea.com\/wp-content\/uploads\/2024\/04\/manager.jpeg 1024w, https:\/\/dynidea.com\/wp-content\/uploads\/2024\/04\/manager-300x300.jpeg 300w, https:\/\/dynidea.com\/wp-content\/uploads\/2024\/04\/manager-150x150.jpeg 150w, https:\/\/dynidea.com\/wp-content\/uploads\/2024\/04\/manager-768x768.jpeg 768w\" sizes=\"auto, (max-width: 1024px) 100vw, 1024px\" \/><\/figure><\/div>\n\n\n\n<p style=\"font-size:16px\"><br>La ludification des parcours se fait par l\u2019attribution de <strong>taches simples et quotidiennes.<\/strong> Entre deux s\u00e9ances de coaching ou de formation, des challenges journaliers tr\u00e8s courts sont soumis aux participants.<br><\/p>\n\n\n\n<p><\/p>\n\n\n\n<figure class=\"wp-block-image size-large\"><img loading=\"lazy\" decoding=\"async\" width=\"1024\" height=\"583\" src=\"https:\/\/dynidea.com\/wp-content\/uploads\/2024\/04\/parcours-mangement-1-1024x583.png\" alt=\"\" class=\"wp-image-1656\" srcset=\"https:\/\/dynidea.com\/wp-content\/uploads\/2024\/04\/parcours-mangement-1-1024x583.png 1024w, https:\/\/dynidea.com\/wp-content\/uploads\/2024\/04\/parcours-mangement-1-300x171.png 300w, https:\/\/dynidea.com\/wp-content\/uploads\/2024\/04\/parcours-mangement-1-768x437.png 768w, https:\/\/dynidea.com\/wp-content\/uploads\/2024\/04\/parcours-mangement-1.png 1036w\" sizes=\"auto, (max-width: 1024px) 100vw, 1024px\" \/><\/figure>\n\n\n\n<p style=\"font-size:16px\"><br>Nos parcours font appels \u00e0 diff\u00e9rentes techniques (AT\/PNL\/CNV) et alternent coaching et suivi quotidien.<br><\/p>\n\n\n\n<p class=\"has-text-align-center\" style=\"font-size:20px\"><a href=\"https:\/\/dynidea.com\/index.php\/contact\/\"><strong>N\u2019h\u00e9sitez pas \u00e0 nous contacter pour en savoir plus sur<\/strong><br><strong>nos m\u00e9thodes de formation innovantes et personnalis\u00e9es<\/strong><\/a><\/p>\n\n\n<div class=\"wpforms-container wpforms-container-full wpforms-block wpforms-block-e3404235-ae92-4c44-832a-d2e5d012062b wpforms-render-modern\" id=\"wpforms-1431\"><form id=\"wpforms-form-1431\" class=\"wpforms-validate wpforms-form\" data-formid=\"1431\" method=\"post\" enctype=\"multipart\/form-data\" action=\"\/index.php\/wp-json\/wp\/v2\/pages\/1652\" data-token=\"c33bdb67dee643ac1bf8b7c783a739da\" data-token-time=\"1777530270\"><noscript class=\"wpforms-error-noscript\">Veuillez activer JavaScript dans votre navigateur pour remplir ce formulaire.<\/noscript><div id=\"wpforms-error-noscript\" style=\"display: none;\">Veuillez activer JavaScript dans votre navigateur pour remplir ce formulaire.<\/div><div class=\"wpforms-field-container\"><div id=\"wpforms-1431-field_0-container\" class=\"wpforms-field wpforms-field-name\" data-field-id=\"0\"><fieldset><legend class=\"wpforms-field-label\">Nom <span class=\"wpforms-required-label\" aria-hidden=\"true\">*<\/span><\/legend><div class=\"wpforms-field-row wpforms-field-medium\"><div class=\"wpforms-field-row-block wpforms-first wpforms-one-half\"><input type=\"text\" id=\"wpforms-1431-field_0\" class=\"wpforms-field-name-first wpforms-field-required\" name=\"wpforms[fields][0][first]\" aria-errormessage=\"wpforms-1431-field_0-error\" required><label for=\"wpforms-1431-field_0\" class=\"wpforms-field-sublabel after\">Pr\u00e9nom<\/label><\/div><div class=\"wpforms-field-row-block wpforms-one-half\"><input type=\"text\" id=\"wpforms-1431-field_0-last\" class=\"wpforms-field-name-last wpforms-field-required\" name=\"wpforms[fields][0][last]\" aria-errormessage=\"wpforms-1431-field_0-last-error\" required><label for=\"wpforms-1431-field_0-last\" class=\"wpforms-field-sublabel after\">Nom<\/label><\/div><\/div><\/fieldset><\/div>\t\t<div id=\"wpforms-1431-field_3-container\"\n\t\t\tclass=\"wpforms-field wpforms-field-text\"\n\t\t\tdata-field-type=\"text\"\n\t\t\tdata-field-id=\"3\"\n\t\t\t>\n\t\t\t<label class=\"wpforms-field-label\" for=\"wpforms-1431-field_3\" >Nom Message E-mail<\/label>\n\t\t\t<input type=\"text\" id=\"wpforms-1431-field_3\" class=\"wpforms-field-medium\" name=\"wpforms[fields][3]\" >\n\t\t<\/div>\n\t\t<div id=\"wpforms-1431-field_1-container\" class=\"wpforms-field wpforms-field-email\" data-field-id=\"1\"><label class=\"wpforms-field-label\" for=\"wpforms-1431-field_1\">E-mail <span class=\"wpforms-required-label\" aria-hidden=\"true\">*<\/span><\/label><input type=\"email\" id=\"wpforms-1431-field_1\" class=\"wpforms-field-medium wpforms-field-required\" name=\"wpforms[fields][1]\" spellcheck=\"false\" aria-errormessage=\"wpforms-1431-field_1-error\" required><\/div><div id=\"wpforms-1431-field_2-container\" class=\"wpforms-field wpforms-field-textarea\" data-field-id=\"2\"><label class=\"wpforms-field-label\" for=\"wpforms-1431-field_2\">Message<\/label><textarea id=\"wpforms-1431-field_2\" class=\"wpforms-field-medium\" name=\"wpforms[fields][2]\" aria-errormessage=\"wpforms-1431-field_2-error\" ><\/textarea><\/div><script>\n\t\t\t\t( function() {\n\t\t\t\t\tconst style = document.createElement( 'style' );\n\t\t\t\t\tstyle.appendChild( document.createTextNode( '#wpforms-1431-field_3-container { position: absolute !important; overflow: hidden !important; display: inline !important; height: 1px !important; width: 1px !important; z-index: -1000 !important; padding: 0 !important; } #wpforms-1431-field_3-container input { visibility: hidden; } #wpforms-conversational-form-page #wpforms-1431-field_3-container label { counter-increment: none; }' ) );\n\t\t\t\t\tdocument.head.appendChild( style );\n\t\t\t\t\tdocument.currentScript?.remove();\n\t\t\t\t} )();\n\t\t\t<\/script><\/div><!-- .wpforms-field-container --><div class=\"wpforms-recaptcha-container wpforms-is-recaptcha wpforms-is-recaptcha-type-v2\" ><div class=\"g-recaptcha\" data-sitekey=\"6LelY9wpAAAAAPgU7U4MI3gSGkdab4_ZPZe4WvlG\"><\/div><input type=\"text\" name=\"g-recaptcha-hidden\" class=\"wpforms-recaptcha-hidden\" style=\"position:absolute!important;clip:rect(0,0,0,0)!important;height:1px!important;width:1px!important;border:0!important;overflow:hidden!important;padding:0!important;margin:0!important;\" data-rule-recaptcha=\"1\"><\/div><div class=\"wpforms-submit-container\" ><input type=\"hidden\" name=\"wpforms[id]\" value=\"1431\"><input type=\"hidden\" name=\"page_title\" value=\"\"><input type=\"hidden\" name=\"page_url\" value=\"https:\/\/dynidea.com\/index.php\/wp-json\/wp\/v2\/pages\/1652\"><input type=\"hidden\" name=\"url_referer\" value=\"\"><button type=\"submit\" name=\"wpforms[submit]\" id=\"wpforms-submit-1431\" class=\"wpforms-submit\" aria-live=\"assertive\" value=\"wpforms-submit\">Envoyer<\/button><\/div><\/form><\/div>  <!-- .wpforms-container -->","protected":false},"excerpt":{"rendered":"<p>Aidez vos \u00e9quipes \u00e0 devenir de vrais managers Destin\u00e9 \u00e0 un cadre chevronn\u00e9 cherchant \u00e0 affiner ses comp\u00e9tences, un jeune professionnel aspirant \u00e0 grandir dans l&rsquo;entreprise, ou un collaborateur acc\u00e9dant &#8230;<\/p>\n","protected":false},"author":1,"featured_media":0,"parent":0,"menu_order":0,"comment_status":"closed","ping_status":"closed","template":"template-fullwidth.php","meta":{"footnotes":""},"class_list":["post-1652","page","type-page","status-publish","hentry"],"yoast_head":"<!-- This site is optimized with the Yoast SEO plugin v27.5 - https:\/\/yoast.com\/product\/yoast-seo-wordpress\/ -->\n<title>Management - Dynidea<\/title>\n<meta name=\"robots\" content=\"index, follow, max-snippet:-1, max-image-preview:large, max-video-preview:-1\" \/>\n<link rel=\"canonical\" href=\"https:\/\/dynidea.com\/index.php\/management-2\/\" \/>\n<meta property=\"og:locale\" content=\"fr_FR\" \/>\n<meta property=\"og:type\" content=\"article\" \/>\n<meta property=\"og:title\" content=\"Management - Dynidea\" \/>\n<meta property=\"og:description\" content=\"Aidez vos \u00e9quipes \u00e0 devenir de vrais managers Destin\u00e9 \u00e0 un cadre chevronn\u00e9 cherchant \u00e0 affiner ses comp\u00e9tences, un jeune professionnel aspirant \u00e0 grandir dans l&rsquo;entreprise, ou un collaborateur acc\u00e9dant ...\" \/>\n<meta property=\"og:url\" content=\"https:\/\/dynidea.com\/index.php\/management-2\/\" \/>\n<meta property=\"og:site_name\" content=\"Dynidea\" \/>\n<meta property=\"article:modified_time\" content=\"2024-05-31T16:06:40+00:00\" \/>\n<meta property=\"og:image\" content=\"https:\/\/dynidea.com\/wp-content\/uploads\/2024\/04\/manager.jpeg\" \/>\n<meta name=\"twitter:card\" content=\"summary_large_image\" \/>\n<meta name=\"twitter:label1\" content=\"Dur\u00e9e de lecture estim\u00e9e\" \/>\n\t<meta name=\"twitter:data1\" content=\"2 minutes\" \/>\n<script type=\"application\/ld+json\" class=\"yoast-schema-graph\">{\"@context\":\"https:\\\/\\\/schema.org\",\"@graph\":[{\"@type\":\"WebPage\",\"@id\":\"https:\\\/\\\/dynidea.com\\\/index.php\\\/management-2\\\/\",\"url\":\"https:\\\/\\\/dynidea.com\\\/index.php\\\/management-2\\\/\",\"name\":\"Management - Dynidea\",\"isPartOf\":{\"@id\":\"https:\\\/\\\/dynidea.com\\\/#website\"},\"primaryImageOfPage\":{\"@id\":\"https:\\\/\\\/dynidea.com\\\/index.php\\\/management-2\\\/#primaryimage\"},\"image\":{\"@id\":\"https:\\\/\\\/dynidea.com\\\/index.php\\\/management-2\\\/#primaryimage\"},\"thumbnailUrl\":\"https:\\\/\\\/dynidea.com\\\/wp-content\\\/uploads\\\/2024\\\/04\\\/manager.jpeg\",\"datePublished\":\"2024-04-12T15:57:14+00:00\",\"dateModified\":\"2024-05-31T16:06:40+00:00\",\"breadcrumb\":{\"@id\":\"https:\\\/\\\/dynidea.com\\\/index.php\\\/management-2\\\/#breadcrumb\"},\"inLanguage\":\"fr-FR\",\"potentialAction\":[{\"@type\":\"ReadAction\",\"target\":[\"https:\\\/\\\/dynidea.com\\\/index.php\\\/management-2\\\/\"]}]},{\"@type\":\"ImageObject\",\"inLanguage\":\"fr-FR\",\"@id\":\"https:\\\/\\\/dynidea.com\\\/index.php\\\/management-2\\\/#primaryimage\",\"url\":\"https:\\\/\\\/dynidea.com\\\/wp-content\\\/uploads\\\/2024\\\/04\\\/manager.jpeg\",\"contentUrl\":\"https:\\\/\\\/dynidea.com\\\/wp-content\\\/uploads\\\/2024\\\/04\\\/manager.jpeg\",\"width\":1024,\"height\":1024},{\"@type\":\"BreadcrumbList\",\"@id\":\"https:\\\/\\\/dynidea.com\\\/index.php\\\/management-2\\\/#breadcrumb\",\"itemListElement\":[{\"@type\":\"ListItem\",\"position\":1,\"name\":\"Accueil\",\"item\":\"https:\\\/\\\/dynidea.com\\\/\"},{\"@type\":\"ListItem\",\"position\":2,\"name\":\"Management\"}]},{\"@type\":\"WebSite\",\"@id\":\"https:\\\/\\\/dynidea.com\\\/#website\",\"url\":\"https:\\\/\\\/dynidea.com\\\/\",\"name\":\"Dynidea\",\"description\":\"Une nouvelle forme de Serious Game : le Coachytraining\",\"publisher\":{\"@id\":\"https:\\\/\\\/dynidea.com\\\/#organization\"},\"potentialAction\":[{\"@type\":\"SearchAction\",\"target\":{\"@type\":\"EntryPoint\",\"urlTemplate\":\"https:\\\/\\\/dynidea.com\\\/?s={search_term_string}\"},\"query-input\":{\"@type\":\"PropertyValueSpecification\",\"valueRequired\":true,\"valueName\":\"search_term_string\"}}],\"inLanguage\":\"fr-FR\"},{\"@type\":\"Organization\",\"@id\":\"https:\\\/\\\/dynidea.com\\\/#organization\",\"name\":\"Dynidea\",\"url\":\"https:\\\/\\\/dynidea.com\\\/\",\"logo\":{\"@type\":\"ImageObject\",\"inLanguage\":\"fr-FR\",\"@id\":\"https:\\\/\\\/dynidea.com\\\/#\\\/schema\\\/logo\\\/image\\\/\",\"url\":\"https:\\\/\\\/dynidea.com\\\/wp-content\\\/uploads\\\/2024\\\/02\\\/cropped-cropped-logo-ligne-petit.jpg\",\"contentUrl\":\"https:\\\/\\\/dynidea.com\\\/wp-content\\\/uploads\\\/2024\\\/02\\\/cropped-cropped-logo-ligne-petit.jpg\",\"width\":300,\"height\":100,\"caption\":\"Dynidea\"},\"image\":{\"@id\":\"https:\\\/\\\/dynidea.com\\\/#\\\/schema\\\/logo\\\/image\\\/\"},\"sameAs\":[\"https:\\\/\\\/www.linkedin.com\\\/showcase\\\/102633502\\\/admin\\\/feed\\\/posts\\\/?feedType=following\"]}]}<\/script>\n<!-- \/ Yoast SEO plugin. -->","yoast_head_json":{"title":"Management - Dynidea","robots":{"index":"index","follow":"follow","max-snippet":"max-snippet:-1","max-image-preview":"max-image-preview:large","max-video-preview":"max-video-preview:-1"},"canonical":"https:\/\/dynidea.com\/index.php\/management-2\/","og_locale":"fr_FR","og_type":"article","og_title":"Management - Dynidea","og_description":"Aidez vos \u00e9quipes \u00e0 devenir de vrais managers Destin\u00e9 \u00e0 un cadre chevronn\u00e9 cherchant \u00e0 affiner ses comp\u00e9tences, un jeune professionnel aspirant \u00e0 grandir dans l&rsquo;entreprise, ou un collaborateur acc\u00e9dant ...","og_url":"https:\/\/dynidea.com\/index.php\/management-2\/","og_site_name":"Dynidea","article_modified_time":"2024-05-31T16:06:40+00:00","og_image":[{"url":"https:\/\/dynidea.com\/wp-content\/uploads\/2024\/04\/manager.jpeg","type":"","width":"","height":""}],"twitter_card":"summary_large_image","twitter_misc":{"Dur\u00e9e de lecture estim\u00e9e":"2 minutes"},"schema":{"@context":"https:\/\/schema.org","@graph":[{"@type":"WebPage","@id":"https:\/\/dynidea.com\/index.php\/management-2\/","url":"https:\/\/dynidea.com\/index.php\/management-2\/","name":"Management - Dynidea","isPartOf":{"@id":"https:\/\/dynidea.com\/#website"},"primaryImageOfPage":{"@id":"https:\/\/dynidea.com\/index.php\/management-2\/#primaryimage"},"image":{"@id":"https:\/\/dynidea.com\/index.php\/management-2\/#primaryimage"},"thumbnailUrl":"https:\/\/dynidea.com\/wp-content\/uploads\/2024\/04\/manager.jpeg","datePublished":"2024-04-12T15:57:14+00:00","dateModified":"2024-05-31T16:06:40+00:00","breadcrumb":{"@id":"https:\/\/dynidea.com\/index.php\/management-2\/#breadcrumb"},"inLanguage":"fr-FR","potentialAction":[{"@type":"ReadAction","target":["https:\/\/dynidea.com\/index.php\/management-2\/"]}]},{"@type":"ImageObject","inLanguage":"fr-FR","@id":"https:\/\/dynidea.com\/index.php\/management-2\/#primaryimage","url":"https:\/\/dynidea.com\/wp-content\/uploads\/2024\/04\/manager.jpeg","contentUrl":"https:\/\/dynidea.com\/wp-content\/uploads\/2024\/04\/manager.jpeg","width":1024,"height":1024},{"@type":"BreadcrumbList","@id":"https:\/\/dynidea.com\/index.php\/management-2\/#breadcrumb","itemListElement":[{"@type":"ListItem","position":1,"name":"Accueil","item":"https:\/\/dynidea.com\/"},{"@type":"ListItem","position":2,"name":"Management"}]},{"@type":"WebSite","@id":"https:\/\/dynidea.com\/#website","url":"https:\/\/dynidea.com\/","name":"Dynidea","description":"Une nouvelle forme de Serious Game : le Coachytraining","publisher":{"@id":"https:\/\/dynidea.com\/#organization"},"potentialAction":[{"@type":"SearchAction","target":{"@type":"EntryPoint","urlTemplate":"https:\/\/dynidea.com\/?s={search_term_string}"},"query-input":{"@type":"PropertyValueSpecification","valueRequired":true,"valueName":"search_term_string"}}],"inLanguage":"fr-FR"},{"@type":"Organization","@id":"https:\/\/dynidea.com\/#organization","name":"Dynidea","url":"https:\/\/dynidea.com\/","logo":{"@type":"ImageObject","inLanguage":"fr-FR","@id":"https:\/\/dynidea.com\/#\/schema\/logo\/image\/","url":"https:\/\/dynidea.com\/wp-content\/uploads\/2024\/02\/cropped-cropped-logo-ligne-petit.jpg","contentUrl":"https:\/\/dynidea.com\/wp-content\/uploads\/2024\/02\/cropped-cropped-logo-ligne-petit.jpg","width":300,"height":100,"caption":"Dynidea"},"image":{"@id":"https:\/\/dynidea.com\/#\/schema\/logo\/image\/"},"sameAs":["https:\/\/www.linkedin.com\/showcase\/102633502\/admin\/feed\/posts\/?feedType=following"]}]}},"_links":{"self":[{"href":"https:\/\/dynidea.com\/index.php\/wp-json\/wp\/v2\/pages\/1652","targetHints":{"allow":["GET"]}}],"collection":[{"href":"https:\/\/dynidea.com\/index.php\/wp-json\/wp\/v2\/pages"}],"about":[{"href":"https:\/\/dynidea.com\/index.php\/wp-json\/wp\/v2\/types\/page"}],"author":[{"embeddable":true,"href":"https:\/\/dynidea.com\/index.php\/wp-json\/wp\/v2\/users\/1"}],"replies":[{"embeddable":true,"href":"https:\/\/dynidea.com\/index.php\/wp-json\/wp\/v2\/comments?post=1652"}],"version-history":[{"count":7,"href":"https:\/\/dynidea.com\/index.php\/wp-json\/wp\/v2\/pages\/1652\/revisions"}],"predecessor-version":[{"id":1687,"href":"https:\/\/dynidea.com\/index.php\/wp-json\/wp\/v2\/pages\/1652\/revisions\/1687"}],"wp:attachment":[{"href":"https:\/\/dynidea.com\/index.php\/wp-json\/wp\/v2\/media?parent=1652"}],"curies":[{"name":"wp","href":"https:\/\/api.w.org\/{rel}","templated":true}]}}