{"id":1512,"date":"2024-02-15T15:31:59","date_gmt":"2024-02-15T14:31:59","guid":{"rendered":"https:\/\/dynidea.com\/?page_id=1512"},"modified":"2024-04-15T10:12:33","modified_gmt":"2024-04-15T08:12:33","slug":"nos-produits","status":"publish","type":"page","link":"https:\/\/dynidea.com\/index.php\/nos-produits\/","title":{"rendered":"Nos produits"},"content":{"rendered":"\n<p style=\"font-size:16px\">Nous avons d\u00e9velopp\u00e9 plusieurs th\u00e9matiques sp\u00e9cifiques avec des parcours tr\u00e8s innovants:<\/p>\n\n\n\n<div class=\"wp-block-buttons is-content-justification-center is-layout-flex wp-container-core-buttons-is-layout-16018d1d wp-block-buttons-is-layout-flex\">\n<div class=\"wp-block-button\"><a class=\"wp-block-button__link has-background wp-element-button\" href=\"https:\/\/dynidea.com\/index.php\/onboarding\/\" style=\"background-color:#ef0249\"><strong>Onboarding<\/strong><\/a><\/div>\n<\/div>\n\n\n\n<p style=\"font-size:16px\">DYNIDEA\u00ae ONBOARDING est con\u00e7u comme un jeu s\u00e9rieux (Serious Game) dont l\u2019objectif est de faciliter l\u2019int\u00e9gration des participants. Par une succession de coaching, de jeux de r\u00f4les, prises de conscience, d\u2019acquisitions de techniques de sensibilisation et de veille, les joueurs trouvent leur place dans l\u2019entreprise et sont stimul\u00e9s dans leur engagement.<\/p>\n\n\n\n<div class=\"wp-block-buttons is-content-justification-center is-layout-flex wp-container-core-buttons-is-layout-16018d1d wp-block-buttons-is-layout-flex\">\n<div class=\"wp-block-button is-style-fill\"><a class=\"wp-block-button__link has-background wp-element-button\" href=\"https:\/\/dynidea.com\/index.php\/re-enchantement\/\" style=\"background-color:#ef0249\"><strong>R\u00e9enchantez votre quotidien<\/strong><\/a><\/div>\n<\/div>\n\n\n\n<p style=\"font-size:16px\">Dans un monde de plus en plus anxiog\u00e8ne, qui abouti souvent \u00e0 une d\u00e9motivation et une perte du sens des actions et du travail,<strong> <a href=\"https:\/\/dynidea.com\/index.php\/re-enchantement\/\">Resorco\u00a9<\/a><\/strong> a pour objectif de&nbsp;<strong>r\u00e9enchanter le quotidien<\/strong>&nbsp;en accompagnant le participant dans une red\u00e9couverte des joies et beaut\u00e9 de son univers. Sur la base d&rsquo;une m\u00e9thode de <strong>r\u00e9sonnance<\/strong> au monde, coupl\u00e9e \u00e0 un serious game, il va retrouver les sens et les valeurs qui lui sont propres.<\/p>\n\n\n\n<div class=\"wp-block-buttons is-content-justification-center is-layout-flex wp-container-core-buttons-is-layout-16018d1d wp-block-buttons-is-layout-flex\">\n<div class=\"wp-block-button\"><a class=\"wp-block-button__link has-background wp-element-button\" href=\"https:\/\/dynidea.com\/index.php\/creativite\/\" style=\"background-color:#ef0249\"><strong>Stimulez vos performances cr\u00e9atives<\/strong><\/a><\/div>\n<\/div>\n\n\n\n<p style=\"font-size:16px\">Un programme d\u2019am\u00e9lioration des&nbsp;<strong><a href=\"https:\/\/convergence-numerique.com\/creativite\/\">performances cr\u00e9atives<\/a><\/strong>&nbsp;reprenant les diff\u00e9rentes \u00e9tapes de la<strong>&nbsp;mise en condition de cr\u00e9er<\/strong>. L\u2019am\u00e9lioration continue des performances cr\u00e9atives est un processus dynamique qui requiert engagement et ouverture d\u2019esprit. En suivant ces \u00e9tapes et en s\u2019adaptant constamment, les cr\u00e9atifs peuvent non seulement affiner leur processus de cr\u00e9ation mais \u00e9galement d\u00e9couvrir de nouvelles facettes de leur talent. <\/p>\n\n\n\n<div class=\"wp-block-buttons is-content-justification-center is-layout-flex wp-container-core-buttons-is-layout-16018d1d wp-block-buttons-is-layout-flex\">\n<div class=\"wp-block-button\"><a class=\"wp-block-button__link has-background wp-element-button\" href=\"https:\/\/dynidea.com\/index.php\/vision\/\" style=\"background-color:#ef0249\"><strong>VISION <\/strong>&#8211;<strong> Ouvrez votre esprit et Imaginez l&rsquo;avenir<\/strong><\/a><\/div>\n<\/div>\n\n\n\n<p style=\"font-size:16px\">Dans un monde en perp\u00e9tuelle \u00e9volution, la capacit\u00e9 \u00e0 anticiper et se projeter dans l\u2019avenir est devenue une comp\u00e9tence inestimable. L&rsquo;objectif est de vous permettre d&rsquo;acqu\u00e9rir par vous-m\u00eame une compr\u00e9hension d\u00e9taill\u00e9e des&nbsp;<strong>derni\u00e8res tendances<\/strong>&nbsp;et mouvements de fond des march\u00e9s. Au-del\u00e0 du simple suivi de l\u2019actualit\u00e9 d\u2019un secteur, nous vous engagerons dans une d\u00e9marche de&nbsp;<strong><a href=\"https:\/\/convergence-numerique.com\/prospective\/\">prospective<\/a><\/strong>&nbsp;&#8211; afin de vous permettre de vous projeter et d&rsquo;obtenir une&nbsp;<strong>VISION<\/strong>&nbsp;sur 10 ans qui \u00e9clairera vos d\u00e9cisions strat\u00e9giques dans vos m\u00e9tiers ou activit\u00e9s.<\/p>\n","protected":false},"excerpt":{"rendered":"<p>Nous avons d\u00e9velopp\u00e9 plusieurs th\u00e9matiques sp\u00e9cifiques avec des parcours tr\u00e8s innovants: DYNIDEA\u00ae ONBOARDING est con\u00e7u comme un jeu s\u00e9rieux (Serious Game) dont l\u2019objectif est de faciliter l\u2019int\u00e9gration des participants. Par &#8230;<\/p>\n","protected":false},"author":1,"featured_media":20,"parent":0,"menu_order":0,"comment_status":"closed","ping_status":"closed","template":"","meta":{"footnotes":""},"class_list":["post-1512","page","type-page","status-publish","has-post-thumbnail","hentry"],"yoast_head":"<!-- This site is optimized with the Yoast SEO plugin v27.5 - https:\/\/yoast.com\/product\/yoast-seo-wordpress\/ -->\n<title>Nos produits - Dynidea<\/title>\n<meta name=\"robots\" content=\"index, follow, max-snippet:-1, max-image-preview:large, max-video-preview:-1\" \/>\n<link rel=\"canonical\" href=\"https:\/\/dynidea.com\/index.php\/nos-produits\/\" \/>\n<meta property=\"og:locale\" content=\"fr_FR\" \/>\n<meta property=\"og:type\" content=\"article\" \/>\n<meta property=\"og:title\" content=\"Nos produits - Dynidea\" \/>\n<meta property=\"og:description\" content=\"Nous avons d\u00e9velopp\u00e9 plusieurs th\u00e9matiques sp\u00e9cifiques avec des parcours tr\u00e8s innovants: DYNIDEA\u00ae ONBOARDING est con\u00e7u comme un jeu s\u00e9rieux (Serious Game) dont l\u2019objectif est de faciliter l\u2019int\u00e9gration des participants. Par ...\" \/>\n<meta property=\"og:url\" content=\"https:\/\/dynidea.com\/index.php\/nos-produits\/\" \/>\n<meta property=\"og:site_name\" content=\"Dynidea\" \/>\n<meta property=\"article:modified_time\" content=\"2024-04-15T08:12:33+00:00\" \/>\n<meta property=\"og:image\" content=\"https:\/\/dynidea.com\/wp-content\/uploads\/2016\/02\/about3.jpg\" \/>\n\t<meta property=\"og:image:width\" content=\"640\" \/>\n\t<meta property=\"og:image:height\" content=\"350\" \/>\n\t<meta property=\"og:image:type\" content=\"image\/jpeg\" \/>\n<meta name=\"twitter:card\" content=\"summary_large_image\" \/>\n<meta name=\"twitter:label1\" content=\"Dur\u00e9e de lecture estim\u00e9e\" \/>\n\t<meta name=\"twitter:data1\" content=\"2 minutes\" \/>\n<script type=\"application\/ld+json\" class=\"yoast-schema-graph\">{\"@context\":\"https:\\\/\\\/schema.org\",\"@graph\":[{\"@type\":\"WebPage\",\"@id\":\"https:\\\/\\\/dynidea.com\\\/index.php\\\/nos-produits\\\/\",\"url\":\"https:\\\/\\\/dynidea.com\\\/index.php\\\/nos-produits\\\/\",\"name\":\"Nos produits - Dynidea\",\"isPartOf\":{\"@id\":\"https:\\\/\\\/dynidea.com\\\/#website\"},\"primaryImageOfPage\":{\"@id\":\"https:\\\/\\\/dynidea.com\\\/index.php\\\/nos-produits\\\/#primaryimage\"},\"image\":{\"@id\":\"https:\\\/\\\/dynidea.com\\\/index.php\\\/nos-produits\\\/#primaryimage\"},\"thumbnailUrl\":\"https:\\\/\\\/dynidea.com\\\/wp-content\\\/uploads\\\/2016\\\/02\\\/about3.jpg\",\"datePublished\":\"2024-02-15T14:31:59+00:00\",\"dateModified\":\"2024-04-15T08:12:33+00:00\",\"breadcrumb\":{\"@id\":\"https:\\\/\\\/dynidea.com\\\/index.php\\\/nos-produits\\\/#breadcrumb\"},\"inLanguage\":\"fr-FR\",\"potentialAction\":[{\"@type\":\"ReadAction\",\"target\":[\"https:\\\/\\\/dynidea.com\\\/index.php\\\/nos-produits\\\/\"]}]},{\"@type\":\"ImageObject\",\"inLanguage\":\"fr-FR\",\"@id\":\"https:\\\/\\\/dynidea.com\\\/index.php\\\/nos-produits\\\/#primaryimage\",\"url\":\"https:\\\/\\\/dynidea.com\\\/wp-content\\\/uploads\\\/2016\\\/02\\\/about3.jpg\",\"contentUrl\":\"https:\\\/\\\/dynidea.com\\\/wp-content\\\/uploads\\\/2016\\\/02\\\/about3.jpg\",\"width\":640,\"height\":350,\"caption\":\"Dynidea Serious Games\"},{\"@type\":\"BreadcrumbList\",\"@id\":\"https:\\\/\\\/dynidea.com\\\/index.php\\\/nos-produits\\\/#breadcrumb\",\"itemListElement\":[{\"@type\":\"ListItem\",\"position\":1,\"name\":\"Accueil\",\"item\":\"https:\\\/\\\/dynidea.com\\\/\"},{\"@type\":\"ListItem\",\"position\":2,\"name\":\"Nos produits\"}]},{\"@type\":\"WebSite\",\"@id\":\"https:\\\/\\\/dynidea.com\\\/#website\",\"url\":\"https:\\\/\\\/dynidea.com\\\/\",\"name\":\"Dynidea\",\"description\":\"Une nouvelle forme de Serious Game : le Coachytraining\",\"publisher\":{\"@id\":\"https:\\\/\\\/dynidea.com\\\/#organization\"},\"potentialAction\":[{\"@type\":\"SearchAction\",\"target\":{\"@type\":\"EntryPoint\",\"urlTemplate\":\"https:\\\/\\\/dynidea.com\\\/?s={search_term_string}\"},\"query-input\":{\"@type\":\"PropertyValueSpecification\",\"valueRequired\":true,\"valueName\":\"search_term_string\"}}],\"inLanguage\":\"fr-FR\"},{\"@type\":\"Organization\",\"@id\":\"https:\\\/\\\/dynidea.com\\\/#organization\",\"name\":\"Dynidea\",\"url\":\"https:\\\/\\\/dynidea.com\\\/\",\"logo\":{\"@type\":\"ImageObject\",\"inLanguage\":\"fr-FR\",\"@id\":\"https:\\\/\\\/dynidea.com\\\/#\\\/schema\\\/logo\\\/image\\\/\",\"url\":\"https:\\\/\\\/dynidea.com\\\/wp-content\\\/uploads\\\/2024\\\/02\\\/cropped-cropped-logo-ligne-petit.jpg\",\"contentUrl\":\"https:\\\/\\\/dynidea.com\\\/wp-content\\\/uploads\\\/2024\\\/02\\\/cropped-cropped-logo-ligne-petit.jpg\",\"width\":300,\"height\":100,\"caption\":\"Dynidea\"},\"image\":{\"@id\":\"https:\\\/\\\/dynidea.com\\\/#\\\/schema\\\/logo\\\/image\\\/\"},\"sameAs\":[\"https:\\\/\\\/www.linkedin.com\\\/showcase\\\/102633502\\\/admin\\\/feed\\\/posts\\\/?feedType=following\"]}]}<\/script>\n<!-- \/ Yoast SEO plugin. -->","yoast_head_json":{"title":"Nos produits - Dynidea","robots":{"index":"index","follow":"follow","max-snippet":"max-snippet:-1","max-image-preview":"max-image-preview:large","max-video-preview":"max-video-preview:-1"},"canonical":"https:\/\/dynidea.com\/index.php\/nos-produits\/","og_locale":"fr_FR","og_type":"article","og_title":"Nos produits - Dynidea","og_description":"Nous avons d\u00e9velopp\u00e9 plusieurs th\u00e9matiques sp\u00e9cifiques avec des parcours tr\u00e8s innovants: DYNIDEA\u00ae ONBOARDING est con\u00e7u comme un jeu s\u00e9rieux (Serious Game) dont l\u2019objectif est de faciliter l\u2019int\u00e9gration des participants. Par ...","og_url":"https:\/\/dynidea.com\/index.php\/nos-produits\/","og_site_name":"Dynidea","article_modified_time":"2024-04-15T08:12:33+00:00","og_image":[{"width":640,"height":350,"url":"https:\/\/dynidea.com\/wp-content\/uploads\/2016\/02\/about3.jpg","type":"image\/jpeg"}],"twitter_card":"summary_large_image","twitter_misc":{"Dur\u00e9e de lecture estim\u00e9e":"2 minutes"},"schema":{"@context":"https:\/\/schema.org","@graph":[{"@type":"WebPage","@id":"https:\/\/dynidea.com\/index.php\/nos-produits\/","url":"https:\/\/dynidea.com\/index.php\/nos-produits\/","name":"Nos produits - Dynidea","isPartOf":{"@id":"https:\/\/dynidea.com\/#website"},"primaryImageOfPage":{"@id":"https:\/\/dynidea.com\/index.php\/nos-produits\/#primaryimage"},"image":{"@id":"https:\/\/dynidea.com\/index.php\/nos-produits\/#primaryimage"},"thumbnailUrl":"https:\/\/dynidea.com\/wp-content\/uploads\/2016\/02\/about3.jpg","datePublished":"2024-02-15T14:31:59+00:00","dateModified":"2024-04-15T08:12:33+00:00","breadcrumb":{"@id":"https:\/\/dynidea.com\/index.php\/nos-produits\/#breadcrumb"},"inLanguage":"fr-FR","potentialAction":[{"@type":"ReadAction","target":["https:\/\/dynidea.com\/index.php\/nos-produits\/"]}]},{"@type":"ImageObject","inLanguage":"fr-FR","@id":"https:\/\/dynidea.com\/index.php\/nos-produits\/#primaryimage","url":"https:\/\/dynidea.com\/wp-content\/uploads\/2016\/02\/about3.jpg","contentUrl":"https:\/\/dynidea.com\/wp-content\/uploads\/2016\/02\/about3.jpg","width":640,"height":350,"caption":"Dynidea Serious Games"},{"@type":"BreadcrumbList","@id":"https:\/\/dynidea.com\/index.php\/nos-produits\/#breadcrumb","itemListElement":[{"@type":"ListItem","position":1,"name":"Accueil","item":"https:\/\/dynidea.com\/"},{"@type":"ListItem","position":2,"name":"Nos produits"}]},{"@type":"WebSite","@id":"https:\/\/dynidea.com\/#website","url":"https:\/\/dynidea.com\/","name":"Dynidea","description":"Une nouvelle forme de Serious Game : le Coachytraining","publisher":{"@id":"https:\/\/dynidea.com\/#organization"},"potentialAction":[{"@type":"SearchAction","target":{"@type":"EntryPoint","urlTemplate":"https:\/\/dynidea.com\/?s={search_term_string}"},"query-input":{"@type":"PropertyValueSpecification","valueRequired":true,"valueName":"search_term_string"}}],"inLanguage":"fr-FR"},{"@type":"Organization","@id":"https:\/\/dynidea.com\/#organization","name":"Dynidea","url":"https:\/\/dynidea.com\/","logo":{"@type":"ImageObject","inLanguage":"fr-FR","@id":"https:\/\/dynidea.com\/#\/schema\/logo\/image\/","url":"https:\/\/dynidea.com\/wp-content\/uploads\/2024\/02\/cropped-cropped-logo-ligne-petit.jpg","contentUrl":"https:\/\/dynidea.com\/wp-content\/uploads\/2024\/02\/cropped-cropped-logo-ligne-petit.jpg","width":300,"height":100,"caption":"Dynidea"},"image":{"@id":"https:\/\/dynidea.com\/#\/schema\/logo\/image\/"},"sameAs":["https:\/\/www.linkedin.com\/showcase\/102633502\/admin\/feed\/posts\/?feedType=following"]}]}},"_links":{"self":[{"href":"https:\/\/dynidea.com\/index.php\/wp-json\/wp\/v2\/pages\/1512","targetHints":{"allow":["GET"]}}],"collection":[{"href":"https:\/\/dynidea.com\/index.php\/wp-json\/wp\/v2\/pages"}],"about":[{"href":"https:\/\/dynidea.com\/index.php\/wp-json\/wp\/v2\/types\/page"}],"author":[{"embeddable":true,"href":"https:\/\/dynidea.com\/index.php\/wp-json\/wp\/v2\/users\/1"}],"replies":[{"embeddable":true,"href":"https:\/\/dynidea.com\/index.php\/wp-json\/wp\/v2\/comments?post=1512"}],"version-history":[{"count":11,"href":"https:\/\/dynidea.com\/index.php\/wp-json\/wp\/v2\/pages\/1512\/revisions"}],"predecessor-version":[{"id":1671,"href":"https:\/\/dynidea.com\/index.php\/wp-json\/wp\/v2\/pages\/1512\/revisions\/1671"}],"wp:featuredmedia":[{"embeddable":true,"href":"https:\/\/dynidea.com\/index.php\/wp-json\/wp\/v2\/media\/20"}],"wp:attachment":[{"href":"https:\/\/dynidea.com\/index.php\/wp-json\/wp\/v2\/media?parent=1512"}],"curies":[{"name":"wp","href":"https:\/\/api.w.org\/{rel}","templated":true}]}}