{"id":1503,"date":"2024-02-12T19:07:17","date_gmt":"2024-02-12T18:07:17","guid":{"rendered":"https:\/\/dynidea.com\/?page_id=1503"},"modified":"2024-02-13T19:02:49","modified_gmt":"2024-02-13T18:02:49","slug":"management","status":"publish","type":"page","link":"https:\/\/dynidea.com\/index.php\/management\/","title":{"rendered":"Management"},"content":{"rendered":"\n<p>Nos programmes de formation couvrent une vari\u00e9t\u00e9 de sujets pertinents pour les dirigeants et les managers, tels que le management, la prise de d\u00e9cision strat\u00e9gique, la communication efficace, la gestion des \u00e9quipes, le leadership \u00e9thique, et bien plus encore.\u00a0<\/p>\n","protected":false},"excerpt":{"rendered":"<p>Nos programmes de formation couvrent une vari\u00e9t\u00e9 de sujets pertinents pour les dirigeants et les managers, tels que le management, la prise de d\u00e9cision strat\u00e9gique, la communication efficace, la gestion &#8230;<\/p>\n","protected":false},"author":1,"featured_media":0,"parent":0,"menu_order":0,"comment_status":"closed","ping_status":"closed","template":"template-fullwidth.php","meta":{"footnotes":""},"class_list":["post-1503","page","type-page","status-publish","hentry"],"yoast_head":"<!-- This site is optimized with the Yoast SEO plugin v27.4 - https:\/\/yoast.com\/product\/yoast-seo-wordpress\/ -->\n<title>Management - Dynidea<\/title>\n<meta name=\"robots\" content=\"index, follow, max-snippet:-1, max-image-preview:large, max-video-preview:-1\" \/>\n<link rel=\"canonical\" href=\"https:\/\/dynidea.com\/index.php\/management\/\" \/>\n<meta property=\"og:locale\" content=\"fr_FR\" \/>\n<meta property=\"og:type\" content=\"article\" \/>\n<meta property=\"og:title\" content=\"Management - Dynidea\" \/>\n<meta property=\"og:description\" content=\"Nos programmes de formation couvrent une vari\u00e9t\u00e9 de sujets pertinents pour les dirigeants et les managers, tels que le management, la prise de d\u00e9cision strat\u00e9gique, la communication efficace, la gestion ...\" \/>\n<meta property=\"og:url\" content=\"https:\/\/dynidea.com\/index.php\/management\/\" \/>\n<meta property=\"og:site_name\" content=\"Dynidea\" \/>\n<meta property=\"article:modified_time\" content=\"2024-02-13T18:02:49+00:00\" \/>\n<meta property=\"og:image\" content=\"https:\/\/dynidea.com\/wp-content\/uploads\/2024\/02\/logo-ligne-petit.jpg\" \/>\n\t<meta property=\"og:image:width\" content=\"300\" \/>\n\t<meta property=\"og:image:height\" content=\"100\" \/>\n\t<meta property=\"og:image:type\" content=\"image\/jpeg\" \/>\n<meta name=\"twitter:card\" content=\"summary_large_image\" \/>\n<script type=\"application\/ld+json\" class=\"yoast-schema-graph\">{\"@context\":\"https:\\\/\\\/schema.org\",\"@graph\":[{\"@type\":\"WebPage\",\"@id\":\"https:\\\/\\\/dynidea.com\\\/index.php\\\/management\\\/\",\"url\":\"https:\\\/\\\/dynidea.com\\\/index.php\\\/management\\\/\",\"name\":\"Management - Dynidea\",\"isPartOf\":{\"@id\":\"https:\\\/\\\/dynidea.com\\\/#website\"},\"datePublished\":\"2024-02-12T18:07:17+00:00\",\"dateModified\":\"2024-02-13T18:02:49+00:00\",\"breadcrumb\":{\"@id\":\"https:\\\/\\\/dynidea.com\\\/index.php\\\/management\\\/#breadcrumb\"},\"inLanguage\":\"fr-FR\",\"potentialAction\":[{\"@type\":\"ReadAction\",\"target\":[\"https:\\\/\\\/dynidea.com\\\/index.php\\\/management\\\/\"]}]},{\"@type\":\"BreadcrumbList\",\"@id\":\"https:\\\/\\\/dynidea.com\\\/index.php\\\/management\\\/#breadcrumb\",\"itemListElement\":[{\"@type\":\"ListItem\",\"position\":1,\"name\":\"Accueil\",\"item\":\"https:\\\/\\\/dynidea.com\\\/\"},{\"@type\":\"ListItem\",\"position\":2,\"name\":\"Management\"}]},{\"@type\":\"WebSite\",\"@id\":\"https:\\\/\\\/dynidea.com\\\/#website\",\"url\":\"https:\\\/\\\/dynidea.com\\\/\",\"name\":\"Dynidea\",\"description\":\"Une nouvelle forme de Serious Game : le Coachytraining\",\"publisher\":{\"@id\":\"https:\\\/\\\/dynidea.com\\\/#organization\"},\"potentialAction\":[{\"@type\":\"SearchAction\",\"target\":{\"@type\":\"EntryPoint\",\"urlTemplate\":\"https:\\\/\\\/dynidea.com\\\/?s={search_term_string}\"},\"query-input\":{\"@type\":\"PropertyValueSpecification\",\"valueRequired\":true,\"valueName\":\"search_term_string\"}}],\"inLanguage\":\"fr-FR\"},{\"@type\":\"Organization\",\"@id\":\"https:\\\/\\\/dynidea.com\\\/#organization\",\"name\":\"Dynidea\",\"url\":\"https:\\\/\\\/dynidea.com\\\/\",\"logo\":{\"@type\":\"ImageObject\",\"inLanguage\":\"fr-FR\",\"@id\":\"https:\\\/\\\/dynidea.com\\\/#\\\/schema\\\/logo\\\/image\\\/\",\"url\":\"https:\\\/\\\/dynidea.com\\\/wp-content\\\/uploads\\\/2024\\\/02\\\/cropped-cropped-logo-ligne-petit.jpg\",\"contentUrl\":\"https:\\\/\\\/dynidea.com\\\/wp-content\\\/uploads\\\/2024\\\/02\\\/cropped-cropped-logo-ligne-petit.jpg\",\"width\":300,\"height\":100,\"caption\":\"Dynidea\"},\"image\":{\"@id\":\"https:\\\/\\\/dynidea.com\\\/#\\\/schema\\\/logo\\\/image\\\/\"},\"sameAs\":[\"https:\\\/\\\/www.linkedin.com\\\/showcase\\\/102633502\\\/admin\\\/feed\\\/posts\\\/?feedType=following\"]}]}<\/script>\n<!-- \/ Yoast SEO plugin. -->","yoast_head_json":{"title":"Management - Dynidea","robots":{"index":"index","follow":"follow","max-snippet":"max-snippet:-1","max-image-preview":"max-image-preview:large","max-video-preview":"max-video-preview:-1"},"canonical":"https:\/\/dynidea.com\/index.php\/management\/","og_locale":"fr_FR","og_type":"article","og_title":"Management - Dynidea","og_description":"Nos programmes de formation couvrent une vari\u00e9t\u00e9 de sujets pertinents pour les dirigeants et les managers, tels que le management, la prise de d\u00e9cision strat\u00e9gique, la communication efficace, la gestion ...","og_url":"https:\/\/dynidea.com\/index.php\/management\/","og_site_name":"Dynidea","article_modified_time":"2024-02-13T18:02:49+00:00","og_image":[{"width":300,"height":100,"url":"https:\/\/dynidea.com\/wp-content\/uploads\/2024\/02\/logo-ligne-petit.jpg","type":"image\/jpeg"}],"twitter_card":"summary_large_image","schema":{"@context":"https:\/\/schema.org","@graph":[{"@type":"WebPage","@id":"https:\/\/dynidea.com\/index.php\/management\/","url":"https:\/\/dynidea.com\/index.php\/management\/","name":"Management - Dynidea","isPartOf":{"@id":"https:\/\/dynidea.com\/#website"},"datePublished":"2024-02-12T18:07:17+00:00","dateModified":"2024-02-13T18:02:49+00:00","breadcrumb":{"@id":"https:\/\/dynidea.com\/index.php\/management\/#breadcrumb"},"inLanguage":"fr-FR","potentialAction":[{"@type":"ReadAction","target":["https:\/\/dynidea.com\/index.php\/management\/"]}]},{"@type":"BreadcrumbList","@id":"https:\/\/dynidea.com\/index.php\/management\/#breadcrumb","itemListElement":[{"@type":"ListItem","position":1,"name":"Accueil","item":"https:\/\/dynidea.com\/"},{"@type":"ListItem","position":2,"name":"Management"}]},{"@type":"WebSite","@id":"https:\/\/dynidea.com\/#website","url":"https:\/\/dynidea.com\/","name":"Dynidea","description":"Une nouvelle forme de Serious Game : le Coachytraining","publisher":{"@id":"https:\/\/dynidea.com\/#organization"},"potentialAction":[{"@type":"SearchAction","target":{"@type":"EntryPoint","urlTemplate":"https:\/\/dynidea.com\/?s={search_term_string}"},"query-input":{"@type":"PropertyValueSpecification","valueRequired":true,"valueName":"search_term_string"}}],"inLanguage":"fr-FR"},{"@type":"Organization","@id":"https:\/\/dynidea.com\/#organization","name":"Dynidea","url":"https:\/\/dynidea.com\/","logo":{"@type":"ImageObject","inLanguage":"fr-FR","@id":"https:\/\/dynidea.com\/#\/schema\/logo\/image\/","url":"https:\/\/dynidea.com\/wp-content\/uploads\/2024\/02\/cropped-cropped-logo-ligne-petit.jpg","contentUrl":"https:\/\/dynidea.com\/wp-content\/uploads\/2024\/02\/cropped-cropped-logo-ligne-petit.jpg","width":300,"height":100,"caption":"Dynidea"},"image":{"@id":"https:\/\/dynidea.com\/#\/schema\/logo\/image\/"},"sameAs":["https:\/\/www.linkedin.com\/showcase\/102633502\/admin\/feed\/posts\/?feedType=following"]}]}},"_links":{"self":[{"href":"https:\/\/dynidea.com\/index.php\/wp-json\/wp\/v2\/pages\/1503","targetHints":{"allow":["GET"]}}],"collection":[{"href":"https:\/\/dynidea.com\/index.php\/wp-json\/wp\/v2\/pages"}],"about":[{"href":"https:\/\/dynidea.com\/index.php\/wp-json\/wp\/v2\/types\/page"}],"author":[{"embeddable":true,"href":"https:\/\/dynidea.com\/index.php\/wp-json\/wp\/v2\/users\/1"}],"replies":[{"embeddable":true,"href":"https:\/\/dynidea.com\/index.php\/wp-json\/wp\/v2\/comments?post=1503"}],"version-history":[{"count":1,"href":"https:\/\/dynidea.com\/index.php\/wp-json\/wp\/v2\/pages\/1503\/revisions"}],"predecessor-version":[{"id":1504,"href":"https:\/\/dynidea.com\/index.php\/wp-json\/wp\/v2\/pages\/1503\/revisions\/1504"}],"wp:attachment":[{"href":"https:\/\/dynidea.com\/index.php\/wp-json\/wp\/v2\/media?parent=1503"}],"curies":[{"name":"wp","href":"https:\/\/api.w.org\/{rel}","templated":true}]}}